{"id":890,"date":"2024-07-15T08:41:18","date_gmt":"2024-07-15T12:41:18","guid":{"rendered":"https:\/\/francoamericangravy.com\/wills\/?page_id=890"},"modified":"2024-12-05T13:01:43","modified_gmt":"2024-12-05T18:01:43","slug":"celena-elizabeth-wills-1904-1956","status":"publish","type":"page","link":"https:\/\/francoamericangravy.com\/wills\/celena-elizabeth-wills-1904-1956\/","title":{"rendered":"Celena Elizabeth Wills (1904-1956)"},"content":{"rendered":"<p>Celina Elizabeth Wills, called &#8220;Lena&#8221; was the first of the nine children of\u00a0 Elizabeth Bissonnette and John Albert Wills, born on July 25th, 1904 at home at 42 Congress Street, Cohoes, New York.<\/p>\n<figure id=\"attachment_176\" aria-describedby=\"caption-attachment-176\" style=\"width: 558px\" class=\"wp-caption aligncenter\"><img data-recalc-dims=\"1\" loading=\"lazy\" decoding=\"async\" data-attachment-id=\"176\" data-permalink=\"https:\/\/francoamericangravy.com\/wills\/birth-certificates\/bc_celinawills\/\" data-orig-file=\"https:\/\/i0.wp.com\/francoamericangravy.com\/wills\/wp-content\/uploads\/2023\/04\/BC_CelinaWills.jpg?fit=555%2C436&amp;ssl=1\" data-orig-size=\"555,436\" data-comments-opened=\"1\" data-image-meta=\"{&quot;aperture&quot;:&quot;0&quot;,&quot;credit&quot;:&quot;&quot;,&quot;camera&quot;:&quot;&quot;,&quot;caption&quot;:&quot;&quot;,&quot;created_timestamp&quot;:&quot;0&quot;,&quot;copyright&quot;:&quot;&quot;,&quot;focal_length&quot;:&quot;0&quot;,&quot;iso&quot;:&quot;0&quot;,&quot;shutter_speed&quot;:&quot;0&quot;,&quot;title&quot;:&quot;&quot;,&quot;orientation&quot;:&quot;0&quot;}\" data-image-title=\"BC_CelinaWills\" data-image-description=\"\" data-image-caption=\"&lt;p&gt;Birth Certificate of Celina Lizabeth Wills&lt;\/p&gt;\n\" data-medium-file=\"https:\/\/i0.wp.com\/francoamericangravy.com\/wills\/wp-content\/uploads\/2023\/04\/BC_CelinaWills.jpg?fit=300%2C236&amp;ssl=1\" data-large-file=\"https:\/\/i0.wp.com\/francoamericangravy.com\/wills\/wp-content\/uploads\/2023\/04\/BC_CelinaWills.jpg?fit=525%2C412&amp;ssl=1\" class=\" wp-image-176\" src=\"https:\/\/i0.wp.com\/francoamericangravy.com\/wills\/wp-content\/uploads\/2023\/04\/BC_CelinaWills.jpg?resize=525%2C413&#038;ssl=1\" alt=\"Birth Certificate Celina Elizabeth Wills, 1904\" width=\"525\" height=\"413\" srcset=\"https:\/\/i0.wp.com\/francoamericangravy.com\/wills\/wp-content\/uploads\/2023\/04\/BC_CelinaWills.jpg?resize=300%2C236&amp;ssl=1 300w, https:\/\/i0.wp.com\/francoamericangravy.com\/wills\/wp-content\/uploads\/2023\/04\/BC_CelinaWills.jpg?w=555&amp;ssl=1 555w\" sizes=\"auto, (max-width: 525px) 100vw, 525px\" \/><figcaption id=\"caption-attachment-176\" class=\"wp-caption-text\">Birth Certificate of Celina Elizabeth Wills<\/figcaption><\/figure>\n<p>Celina was baptized on September 19, 1904 at St. Joseph&#8217;s Roman Catholic Church in Cohoes.\u00a0 Her godfather was her uncle, Joseph Bisnett, Libbie&#8217;s older brother.\u00a0 Her godmother was her\u00a0 grandmother, <a href=\"https:\/\/francoamericangravy.blogspot.com\/2010\/07\/grandmothers-never-tell-lie.html\" target=\"_blank\" rel=\"noopener\">Celina Bissonnette<\/a>.<\/p>\n<p>Below, Lena with her siblings. Lena is seated holding Johnny.<\/p>\n<figure id=\"attachment_871\" aria-describedby=\"caption-attachment-871\" style=\"width: 402px\" class=\"wp-caption aligncenter\"><img data-recalc-dims=\"1\" loading=\"lazy\" decoding=\"async\" data-attachment-id=\"871\" data-permalink=\"https:\/\/francoamericangravy.com\/wills\/fourwillsannacelinajuliajohnny\/\" data-orig-file=\"https:\/\/i0.wp.com\/francoamericangravy.com\/wills\/wp-content\/uploads\/2024\/07\/FourWillsAnnaCelinaJuliaJohnny.jpg?fit=773%2C988&amp;ssl=1\" data-orig-size=\"773,988\" data-comments-opened=\"1\" data-image-meta=\"{&quot;aperture&quot;:&quot;0&quot;,&quot;credit&quot;:&quot;&quot;,&quot;camera&quot;:&quot;&quot;,&quot;caption&quot;:&quot;&quot;,&quot;created_timestamp&quot;:&quot;0&quot;,&quot;copyright&quot;:&quot;&quot;,&quot;focal_length&quot;:&quot;0&quot;,&quot;iso&quot;:&quot;0&quot;,&quot;shutter_speed&quot;:&quot;0&quot;,&quot;title&quot;:&quot;&quot;,&quot;orientation&quot;:&quot;0&quot;}\" data-image-title=\"Four Wills Children: Anna, Johnny, Celina and Julia\" data-image-description=\"\" data-image-caption=\"&lt;p&gt;Four Wills Children: Anna, Johnny, Celina and Julia. Anna is standing on the far left.&lt;\/p&gt;\n\" data-medium-file=\"https:\/\/i0.wp.com\/francoamericangravy.com\/wills\/wp-content\/uploads\/2024\/07\/FourWillsAnnaCelinaJuliaJohnny.jpg?fit=235%2C300&amp;ssl=1\" data-large-file=\"https:\/\/i0.wp.com\/francoamericangravy.com\/wills\/wp-content\/uploads\/2024\/07\/FourWillsAnnaCelinaJuliaJohnny.jpg?fit=525%2C671&amp;ssl=1\" class=\" wp-image-871\" src=\"https:\/\/i0.wp.com\/francoamericangravy.com\/wills\/wp-content\/uploads\/2024\/07\/FourWillsAnnaCelinaJuliaJohnny.jpg?resize=402%2C514&#038;ssl=1\" alt=\"children portrait circa 1910\" width=\"402\" height=\"514\" srcset=\"https:\/\/i0.wp.com\/francoamericangravy.com\/wills\/wp-content\/uploads\/2024\/07\/FourWillsAnnaCelinaJuliaJohnny.jpg?resize=235%2C300&amp;ssl=1 235w, https:\/\/i0.wp.com\/francoamericangravy.com\/wills\/wp-content\/uploads\/2024\/07\/FourWillsAnnaCelinaJuliaJohnny.jpg?resize=768%2C982&amp;ssl=1 768w, https:\/\/i0.wp.com\/francoamericangravy.com\/wills\/wp-content\/uploads\/2024\/07\/FourWillsAnnaCelinaJuliaJohnny.jpg?w=773&amp;ssl=1 773w\" sizes=\"auto, (max-width: 402px) 100vw, 402px\" \/><figcaption id=\"caption-attachment-871\" class=\"wp-caption-text\">Four Wills Children: Anna, Johnny, Celina and Julia. Celena, seated,\u00a0 is holding Johnny.<\/figcaption><\/figure>\n<p>In the 1910 census, Lena is 6 years old and not attending school.\u00a0 She lives with her parents and two younger sisters above her father&#8217;s photography studio\u00a0 on Broad Street in Schuylerville, Saratoga County, New York. Here is the building on Google map.<\/p>\n<figure id=\"attachment_1025\" aria-describedby=\"caption-attachment-1025\" style=\"width: 300px\" class=\"wp-caption aligncenter\"><img data-recalc-dims=\"1\" loading=\"lazy\" decoding=\"async\" data-attachment-id=\"1025\" data-permalink=\"https:\/\/francoamericangravy.com\/wills\/celena-elizabeth-wills-1904-1956\/90boradstreetjohnwillsphotostudio\/\" data-orig-file=\"https:\/\/i0.wp.com\/francoamericangravy.com\/wills\/wp-content\/uploads\/2024\/12\/90BoradStreetJohnWillsPhotoStudio.jpg?fit=1446%2C620&amp;ssl=1\" data-orig-size=\"1446,620\" data-comments-opened=\"1\" data-image-meta=\"{&quot;aperture&quot;:&quot;0&quot;,&quot;credit&quot;:&quot;&quot;,&quot;camera&quot;:&quot;&quot;,&quot;caption&quot;:&quot;&quot;,&quot;created_timestamp&quot;:&quot;0&quot;,&quot;copyright&quot;:&quot;&quot;,&quot;focal_length&quot;:&quot;0&quot;,&quot;iso&quot;:&quot;0&quot;,&quot;shutter_speed&quot;:&quot;0&quot;,&quot;title&quot;:&quot;&quot;,&quot;orientation&quot;:&quot;0&quot;}\" data-image-title=\"90 Broad Street Schuylerville, New York\" data-image-description=\"\" data-image-caption=\"&lt;p&gt;Location of John Wills Studio&lt;\/p&gt;\n\" data-medium-file=\"https:\/\/i0.wp.com\/francoamericangravy.com\/wills\/wp-content\/uploads\/2024\/12\/90BoradStreetJohnWillsPhotoStudio.jpg?fit=300%2C129&amp;ssl=1\" data-large-file=\"https:\/\/i0.wp.com\/francoamericangravy.com\/wills\/wp-content\/uploads\/2024\/12\/90BoradStreetJohnWillsPhotoStudio.jpg?fit=525%2C225&amp;ssl=1\" class=\"size-medium wp-image-1025\" src=\"https:\/\/i0.wp.com\/francoamericangravy.com\/wills\/wp-content\/uploads\/2024\/12\/90BoradStreetJohnWillsPhotoStudio.jpg?resize=300%2C129&#038;ssl=1\" alt=\"\" width=\"300\" height=\"129\" srcset=\"https:\/\/i0.wp.com\/francoamericangravy.com\/wills\/wp-content\/uploads\/2024\/12\/90BoradStreetJohnWillsPhotoStudio.jpg?resize=300%2C129&amp;ssl=1 300w, https:\/\/i0.wp.com\/francoamericangravy.com\/wills\/wp-content\/uploads\/2024\/12\/90BoradStreetJohnWillsPhotoStudio.jpg?resize=1024%2C439&amp;ssl=1 1024w, https:\/\/i0.wp.com\/francoamericangravy.com\/wills\/wp-content\/uploads\/2024\/12\/90BoradStreetJohnWillsPhotoStudio.jpg?resize=768%2C329&amp;ssl=1 768w, https:\/\/i0.wp.com\/francoamericangravy.com\/wills\/wp-content\/uploads\/2024\/12\/90BoradStreetJohnWillsPhotoStudio.jpg?w=1446&amp;ssl=1 1446w\" sizes=\"auto, (max-width: 300px) 100vw, 300px\" \/><figcaption id=\"caption-attachment-1025\" class=\"wp-caption-text\">Location of John Wills Studio<\/figcaption><\/figure>\n<p>Her father, John Albert Wills, had a photography studio for a short period in the downstairs store front. The family continued to live in various locations in Schuylerville until 1917 when they returned to Cohoes.<\/p>\n<p>Lena met Robert Francis Cranney, a young man raised in <a href=\"https:\/\/harvardartmuseums.org\/collections\/object\/158869\">St. Vincent&#8217;s Male Orphan Asylum<\/a> on Western Avenue in the city of Albany. He can be found there, 7 years old, in the 1910 census along with 240 other boys.\u00a0 Childhood in an orphanage must have been brutal for young Bob Cranney.\u00a0 This orphanage was founded in the mid 1800s by the Christian Brothers and changed its name to LaSalle in the 1920s.\u00a0 In 1910, it was a rough place to grow up.<\/p>\n<figure id=\"attachment_771\" aria-describedby=\"caption-attachment-771\" style=\"width: 250px\" class=\"wp-caption aligncenter\"><img data-recalc-dims=\"1\" loading=\"lazy\" decoding=\"async\" data-attachment-id=\"771\" data-permalink=\"https:\/\/francoamericangravy.com\/wills\/celena-elizabeth-wills-1904-1956\/robtfrancescranneycelinawills\/\" data-orig-file=\"https:\/\/i0.wp.com\/francoamericangravy.com\/wills\/wp-content\/uploads\/2023\/12\/RobtFrancesCranneyCelinaWills.jpg?fit=288%2C512&amp;ssl=1\" data-orig-size=\"288,512\" data-comments-opened=\"1\" data-image-meta=\"{&quot;aperture&quot;:&quot;0&quot;,&quot;credit&quot;:&quot;&quot;,&quot;camera&quot;:&quot;&quot;,&quot;caption&quot;:&quot;&quot;,&quot;created_timestamp&quot;:&quot;0&quot;,&quot;copyright&quot;:&quot;&quot;,&quot;focal_length&quot;:&quot;0&quot;,&quot;iso&quot;:&quot;0&quot;,&quot;shutter_speed&quot;:&quot;0&quot;,&quot;title&quot;:&quot;&quot;,&quot;orientation&quot;:&quot;0&quot;}\" data-image-title=\"Robert Cranney &amp;#038; Celina Wills, circa 1923\" data-image-description=\"\" data-image-caption=\"\" data-medium-file=\"https:\/\/i0.wp.com\/francoamericangravy.com\/wills\/wp-content\/uploads\/2023\/12\/RobtFrancesCranneyCelinaWills.jpg?fit=169%2C300&amp;ssl=1\" data-large-file=\"https:\/\/i0.wp.com\/francoamericangravy.com\/wills\/wp-content\/uploads\/2023\/12\/RobtFrancesCranneyCelinaWills.jpg?fit=288%2C512&amp;ssl=1\" class=\"wp-image-771 \" src=\"https:\/\/i0.wp.com\/francoamericangravy.com\/wills\/wp-content\/uploads\/2023\/12\/RobtFrancesCranneyCelinaWills.jpg?resize=250%2C444&#038;ssl=1\" alt=\"\" width=\"250\" height=\"444\" srcset=\"https:\/\/i0.wp.com\/francoamericangravy.com\/wills\/wp-content\/uploads\/2023\/12\/RobtFrancesCranneyCelinaWills.jpg?resize=169%2C300&amp;ssl=1 169w, https:\/\/i0.wp.com\/francoamericangravy.com\/wills\/wp-content\/uploads\/2023\/12\/RobtFrancesCranneyCelinaWills.jpg?w=288&amp;ssl=1 288w\" sizes=\"auto, (max-width: 250px) 100vw, 250px\" \/><figcaption id=\"caption-attachment-771\" class=\"wp-caption-text\">Robert Cranney and Celena Wills<\/figcaption><\/figure>\n<p>Celena and Robert married\u00a0 October 2, 1923 at St Brigid&#8217;s Roman Catholic Church in Watervliet, New York. It was not a happy marriage by any standard.\u00a0 When I was growing up, I heard many stories about Bob Cranney &#8211; none were good.\u00a0 Bob Cranney was known to physically beat Lena and her sisters believed the physical abuse caused Lena to develop a seizure disorder and her premature death.<\/p>\n<p>Lina and Bob Cranney had four children:<\/p>\n<p style=\"padding-left: 40px;\">Gloria Jean Cranney 1925-1992<\/p>\n<p style=\"padding-left: 40px;\">Robert Francis Cranney, Jr 1926-1997<\/p>\n<p style=\"padding-left: 40px;\">Kenneth Cranney 1928-1978<\/p>\n<p style=\"padding-left: 40px;\">Richard Cranney 1930-1992<\/p>\n<figure id=\"attachment_902\" aria-describedby=\"caption-attachment-902\" style=\"width: 547px\" class=\"wp-caption aligncenter\"><img data-recalc-dims=\"1\" loading=\"lazy\" decoding=\"async\" data-attachment-id=\"902\" data-permalink=\"https:\/\/francoamericangravy.com\/wills\/celena-elizabeth-wills-1904-1956\/dsc_0042-2\/\" data-orig-file=\"https:\/\/i0.wp.com\/francoamericangravy.com\/wills\/wp-content\/uploads\/2024\/07\/DSC_0042-scaled.jpg?fit=2560%2C1702&amp;ssl=1\" data-orig-size=\"2560,1702\" data-comments-opened=\"1\" data-image-meta=\"{&quot;aperture&quot;:&quot;5.3&quot;,&quot;credit&quot;:&quot;&quot;,&quot;camera&quot;:&quot;NIKON D50&quot;,&quot;caption&quot;:&quot;&quot;,&quot;created_timestamp&quot;:&quot;1205019981&quot;,&quot;copyright&quot;:&quot;&quot;,&quot;focal_length&quot;:&quot;70&quot;,&quot;iso&quot;:&quot;0&quot;,&quot;shutter_speed&quot;:&quot;0.1&quot;,&quot;title&quot;:&quot;&quot;,&quot;orientation&quot;:&quot;1&quot;}\" data-image-title=\"Three Generations\" data-image-description=\"\" data-image-caption=\"&lt;p&gt;Elizabeth &amp;#8220;Libbie&amp;#8221; Wills, Lina Cranney holding Gloria Jean Cranney in center. Right grandmother Celena Beauvais Bissonnette ne\u00e9 Beauvais &lt;\/p&gt;\n\" data-medium-file=\"https:\/\/i0.wp.com\/francoamericangravy.com\/wills\/wp-content\/uploads\/2024\/07\/DSC_0042-scaled.jpg?fit=300%2C199&amp;ssl=1\" data-large-file=\"https:\/\/i0.wp.com\/francoamericangravy.com\/wills\/wp-content\/uploads\/2024\/07\/DSC_0042-scaled.jpg?fit=525%2C349&amp;ssl=1\" class=\"wp-image-902\" src=\"https:\/\/i0.wp.com\/francoamericangravy.com\/wills\/wp-content\/uploads\/2024\/07\/DSC_0042.jpg?resize=525%2C348&#038;ssl=1\" alt=\"four generations\" width=\"525\" height=\"348\" srcset=\"https:\/\/i0.wp.com\/francoamericangravy.com\/wills\/wp-content\/uploads\/2024\/07\/DSC_0042-scaled.jpg?resize=300%2C199&amp;ssl=1 300w, https:\/\/i0.wp.com\/francoamericangravy.com\/wills\/wp-content\/uploads\/2024\/07\/DSC_0042-scaled.jpg?resize=1024%2C681&amp;ssl=1 1024w, https:\/\/i0.wp.com\/francoamericangravy.com\/wills\/wp-content\/uploads\/2024\/07\/DSC_0042-scaled.jpg?resize=768%2C511&amp;ssl=1 768w, https:\/\/i0.wp.com\/francoamericangravy.com\/wills\/wp-content\/uploads\/2024\/07\/DSC_0042-scaled.jpg?resize=1536%2C1021&amp;ssl=1 1536w\" sizes=\"auto, (max-width: 525px) 100vw, 525px\" \/><figcaption id=\"caption-attachment-902\" class=\"wp-caption-text\">Left to right: Grandmother Elizabeth &#8220;Libbie&#8221; Wills ne\u00e9 Bissonnette, mother Celina Cranney ne\u00e9 Wills holding Gloria Jean Cranney, great grandmother Celena Bissonnette ne\u00e9 Beauvais.\u00a0 Note Libbie`s massive goiter.<\/figcaption><\/figure>\n<p>Below are family photos of the Cranney children:<\/p>\n<figure id=\"attachment_894\" aria-describedby=\"caption-attachment-894\" style=\"width: 303px\" class=\"wp-caption aligncenter\"><img data-recalc-dims=\"1\" loading=\"lazy\" decoding=\"async\" data-attachment-id=\"894\" data-permalink=\"https:\/\/francoamericangravy.com\/wills\/celena-elizabeth-wills-1904-1956\/carnneyjoanand_______\/\" data-orig-file=\"https:\/\/i0.wp.com\/francoamericangravy.com\/wills\/wp-content\/uploads\/2024\/07\/CarnneyJoanAND_______.jpg?fit=510%2C682&amp;ssl=1\" data-orig-size=\"510,682\" data-comments-opened=\"1\" data-image-meta=\"{&quot;aperture&quot;:&quot;0&quot;,&quot;credit&quot;:&quot;&quot;,&quot;camera&quot;:&quot;&quot;,&quot;caption&quot;:&quot;&quot;,&quot;created_timestamp&quot;:&quot;0&quot;,&quot;copyright&quot;:&quot;&quot;,&quot;focal_length&quot;:&quot;0&quot;,&quot;iso&quot;:&quot;0&quot;,&quot;shutter_speed&quot;:&quot;0&quot;,&quot;title&quot;:&quot;&quot;,&quot;orientation&quot;:&quot;0&quot;}\" data-image-title=\"Joan Cranney and friend\" data-image-description=\"\" data-image-caption=\"&lt;p&gt;Joan Cranney wears a bonnet on Saratoga Avenue, Cohoes.&lt;\/p&gt;\n\" data-medium-file=\"https:\/\/i0.wp.com\/francoamericangravy.com\/wills\/wp-content\/uploads\/2024\/07\/CarnneyJoanAND_______.jpg?fit=224%2C300&amp;ssl=1\" data-large-file=\"https:\/\/i0.wp.com\/francoamericangravy.com\/wills\/wp-content\/uploads\/2024\/07\/CarnneyJoanAND_______.jpg?fit=510%2C682&amp;ssl=1\" class=\"wp-image-894\" src=\"https:\/\/i0.wp.com\/francoamericangravy.com\/wills\/wp-content\/uploads\/2024\/07\/CarnneyJoanAND_______.jpg?resize=303%2C406&#038;ssl=1\" alt=\"\" width=\"303\" height=\"406\" srcset=\"https:\/\/i0.wp.com\/francoamericangravy.com\/wills\/wp-content\/uploads\/2024\/07\/CarnneyJoanAND_______.jpg?resize=224%2C300&amp;ssl=1 224w, https:\/\/i0.wp.com\/francoamericangravy.com\/wills\/wp-content\/uploads\/2024\/07\/CarnneyJoanAND_______.jpg?w=510&amp;ssl=1 510w\" sizes=\"auto, (max-width: 303px) 100vw, 303px\" \/><figcaption id=\"caption-attachment-894\" class=\"wp-caption-text\">Joan Cranney wears a bonnet on Saratoga Street, Cohoes.\u00a0 The boy beside her is believed to be Robert Cranney Junior<\/figcaption><\/figure>\n<figure id=\"attachment_896\" aria-describedby=\"caption-attachment-896\" style=\"width: 271px\" class=\"wp-caption aligncenter\"><img data-recalc-dims=\"1\" loading=\"lazy\" decoding=\"async\" data-attachment-id=\"896\" data-permalink=\"https:\/\/francoamericangravy.com\/wills\/celena-elizabeth-wills-1904-1956\/cranneykenneth\/\" data-orig-file=\"https:\/\/i0.wp.com\/francoamericangravy.com\/wills\/wp-content\/uploads\/2024\/07\/CranneyKenneth.jpg?fit=496%2C711&amp;ssl=1\" data-orig-size=\"496,711\" data-comments-opened=\"1\" data-image-meta=\"{&quot;aperture&quot;:&quot;0&quot;,&quot;credit&quot;:&quot;&quot;,&quot;camera&quot;:&quot;&quot;,&quot;caption&quot;:&quot;&quot;,&quot;created_timestamp&quot;:&quot;0&quot;,&quot;copyright&quot;:&quot;&quot;,&quot;focal_length&quot;:&quot;0&quot;,&quot;iso&quot;:&quot;0&quot;,&quot;shutter_speed&quot;:&quot;0&quot;,&quot;title&quot;:&quot;&quot;,&quot;orientation&quot;:&quot;0&quot;}\" data-image-title=\"CranneyKenneth\" data-image-description=\"\" data-image-caption=\"&lt;p&gt;Kenneth Cranney&lt;\/p&gt;\n\" data-medium-file=\"https:\/\/i0.wp.com\/francoamericangravy.com\/wills\/wp-content\/uploads\/2024\/07\/CranneyKenneth.jpg?fit=209%2C300&amp;ssl=1\" data-large-file=\"https:\/\/i0.wp.com\/francoamericangravy.com\/wills\/wp-content\/uploads\/2024\/07\/CranneyKenneth.jpg?fit=496%2C711&amp;ssl=1\" class=\" wp-image-896\" src=\"https:\/\/i0.wp.com\/francoamericangravy.com\/wills\/wp-content\/uploads\/2024\/07\/CranneyKenneth.jpg?resize=271%2C389&#038;ssl=1\" alt=\"\" width=\"271\" height=\"389\" srcset=\"https:\/\/i0.wp.com\/francoamericangravy.com\/wills\/wp-content\/uploads\/2024\/07\/CranneyKenneth.jpg?resize=209%2C300&amp;ssl=1 209w, https:\/\/i0.wp.com\/francoamericangravy.com\/wills\/wp-content\/uploads\/2024\/07\/CranneyKenneth.jpg?w=496&amp;ssl=1 496w\" sizes=\"auto, (max-width: 271px) 100vw, 271px\" \/><figcaption id=\"caption-attachment-896\" class=\"wp-caption-text\">Kenneth Cranney<\/figcaption><\/figure>\n<figure id=\"attachment_898\" aria-describedby=\"caption-attachment-898\" style=\"width: 264px\" class=\"wp-caption aligncenter\"><img data-recalc-dims=\"1\" loading=\"lazy\" decoding=\"async\" data-attachment-id=\"898\" data-permalink=\"https:\/\/francoamericangravy.com\/wills\/celena-elizabeth-wills-1904-1956\/richard-cranney-1933\/\" data-orig-file=\"https:\/\/i0.wp.com\/francoamericangravy.com\/wills\/wp-content\/uploads\/2024\/07\/CarnneyRichard.jpg?fit=555%2C902&amp;ssl=1\" data-orig-size=\"555,902\" data-comments-opened=\"1\" data-image-meta=\"{&quot;aperture&quot;:&quot;0&quot;,&quot;credit&quot;:&quot;&quot;,&quot;camera&quot;:&quot;&quot;,&quot;caption&quot;:&quot;Richard Cranney 1933&quot;,&quot;created_timestamp&quot;:&quot;0&quot;,&quot;copyright&quot;:&quot;&quot;,&quot;focal_length&quot;:&quot;0&quot;,&quot;iso&quot;:&quot;0&quot;,&quot;shutter_speed&quot;:&quot;0&quot;,&quot;title&quot;:&quot;Richard Cranney 1933&quot;,&quot;orientation&quot;:&quot;0&quot;}\" data-image-title=\"Richard Cranney 1933\" data-image-description=\"\" data-image-caption=\"&lt;p&gt;Richard Cranney 1933&lt;\/p&gt;\n\" data-medium-file=\"https:\/\/i0.wp.com\/francoamericangravy.com\/wills\/wp-content\/uploads\/2024\/07\/CarnneyRichard.jpg?fit=185%2C300&amp;ssl=1\" data-large-file=\"https:\/\/i0.wp.com\/francoamericangravy.com\/wills\/wp-content\/uploads\/2024\/07\/CarnneyRichard.jpg?fit=525%2C853&amp;ssl=1\" class=\" wp-image-898\" src=\"https:\/\/i0.wp.com\/francoamericangravy.com\/wills\/wp-content\/uploads\/2024\/07\/CarnneyRichard.jpg?resize=264%2C428&#038;ssl=1\" alt=\"\" width=\"264\" height=\"428\" srcset=\"https:\/\/i0.wp.com\/francoamericangravy.com\/wills\/wp-content\/uploads\/2024\/07\/CarnneyRichard.jpg?resize=185%2C300&amp;ssl=1 185w, https:\/\/i0.wp.com\/francoamericangravy.com\/wills\/wp-content\/uploads\/2024\/07\/CarnneyRichard.jpg?w=555&amp;ssl=1 555w\" sizes=\"auto, (max-width: 264px) 100vw, 264px\" \/><figcaption id=\"caption-attachment-898\" class=\"wp-caption-text\">Richard Cranney 1933<\/figcaption><\/figure>\n<p><img data-recalc-dims=\"1\" loading=\"lazy\" decoding=\"async\" data-attachment-id=\"899\" data-permalink=\"https:\/\/francoamericangravy.com\/wills\/celena-elizabeth-wills-1904-1956\/scan0013\/\" data-orig-file=\"https:\/\/i0.wp.com\/francoamericangravy.com\/wills\/wp-content\/uploads\/2024\/07\/scan0013.jpg?fit=442%2C652&amp;ssl=1\" data-orig-size=\"442,652\" data-comments-opened=\"1\" data-image-meta=\"{&quot;aperture&quot;:&quot;0&quot;,&quot;credit&quot;:&quot;&quot;,&quot;camera&quot;:&quot;HP psc1310&quot;,&quot;caption&quot;:&quot;&quot;,&quot;created_timestamp&quot;:&quot;0&quot;,&quot;copyright&quot;:&quot;&quot;,&quot;focal_length&quot;:&quot;0&quot;,&quot;iso&quot;:&quot;0&quot;,&quot;shutter_speed&quot;:&quot;0&quot;,&quot;title&quot;:&quot;&quot;,&quot;orientation&quot;:&quot;0&quot;}\" data-image-title=\"scan0013\" data-image-description=\"\" data-image-caption=\"\" data-medium-file=\"https:\/\/i0.wp.com\/francoamericangravy.com\/wills\/wp-content\/uploads\/2024\/07\/scan0013.jpg?fit=203%2C300&amp;ssl=1\" data-large-file=\"https:\/\/i0.wp.com\/francoamericangravy.com\/wills\/wp-content\/uploads\/2024\/07\/scan0013.jpg?fit=442%2C652&amp;ssl=1\" class=\"aligncenter wp-image-899\" src=\"https:\/\/i0.wp.com\/francoamericangravy.com\/wills\/wp-content\/uploads\/2024\/07\/scan0013.jpg?resize=289%2C427&#038;ssl=1\" alt=\"\" width=\"289\" height=\"427\" srcset=\"https:\/\/i0.wp.com\/francoamericangravy.com\/wills\/wp-content\/uploads\/2024\/07\/scan0013.jpg?resize=203%2C300&amp;ssl=1 203w, https:\/\/i0.wp.com\/francoamericangravy.com\/wills\/wp-content\/uploads\/2024\/07\/scan0013.jpg?w=442&amp;ssl=1 442w\" sizes=\"auto, (max-width: 289px) 100vw, 289px\" \/><\/p>\n","protected":false},"excerpt":{"rendered":"<p>Celina Elizabeth Wills, called &#8220;Lena&#8221; was the first of the nine children of\u00a0 Elizabeth Bissonnette and John Albert Wills, born on July 25th, 1904 at home at 42 Congress Street, Cohoes, New York. Celina was baptized on September 19, 1904 at St. Joseph&#8217;s Roman Catholic Church in Cohoes.\u00a0 Her godfather was her uncle, Joseph Bisnett, &hellip; <\/p>\n<p class=\"link-more\"><a href=\"https:\/\/francoamericangravy.com\/wills\/celena-elizabeth-wills-1904-1956\/\" class=\"more-link\">Continue reading<span class=\"screen-reader-text\"> &#8220;Celena Elizabeth Wills (1904-1956)&#8221;<\/span><\/a><\/p>\n","protected":false},"author":1,"featured_media":0,"parent":0,"menu_order":0,"comment_status":"closed","ping_status":"closed","template":"","meta":{"nf_dc_page":"","om_disable_all_campaigns":false,"_monsterinsights_skip_tracking":false,"_monsterinsights_sitenote_active":false,"_monsterinsights_sitenote_note":"","_monsterinsights_sitenote_category":0,"footnotes":""},"class_list":["post-890","page","type-page","status-publish","hentry"],"aioseo_notices":[],"jetpack_sharing_enabled":true,"_links":{"self":[{"href":"https:\/\/francoamericangravy.com\/wills\/wp-json\/wp\/v2\/pages\/890","targetHints":{"allow":["GET"]}}],"collection":[{"href":"https:\/\/francoamericangravy.com\/wills\/wp-json\/wp\/v2\/pages"}],"about":[{"href":"https:\/\/francoamericangravy.com\/wills\/wp-json\/wp\/v2\/types\/page"}],"author":[{"embeddable":true,"href":"https:\/\/francoamericangravy.com\/wills\/wp-json\/wp\/v2\/users\/1"}],"replies":[{"embeddable":true,"href":"https:\/\/francoamericangravy.com\/wills\/wp-json\/wp\/v2\/comments?post=890"}],"version-history":[{"count":10,"href":"https:\/\/francoamericangravy.com\/wills\/wp-json\/wp\/v2\/pages\/890\/revisions"}],"predecessor-version":[{"id":1028,"href":"https:\/\/francoamericangravy.com\/wills\/wp-json\/wp\/v2\/pages\/890\/revisions\/1028"}],"wp:attachment":[{"href":"https:\/\/francoamericangravy.com\/wills\/wp-json\/wp\/v2\/media?parent=890"}],"curies":[{"name":"wp","href":"https:\/\/api.w.org\/{rel}","templated":true}]}}